{"id":3,"date":"2026-02-12T17:07:34","date_gmt":"2026-02-12T14:07:34","guid":{"rendered":"https:\/\/inekteyiz.com\/?page_id=3"},"modified":"2026-02-16T17:27:29","modified_gmt":"2026-02-16T14:27:29","slug":"gizlilik-ilkesi","status":"publish","type":"page","link":"https:\/\/inekteyiz.com\/index.php\/gizlilik-ilkesi\/","title":{"rendered":"Gizlilik S\u00f6zle\u015fmesi"},"content":{"rendered":"\t\t<div data-elementor-type=\"wp-page\" data-elementor-id=\"3\" class=\"elementor elementor-3\" data-elementor-post-type=\"page\">\n\t\t\t\t<div class=\"elementor-element elementor-element-4e23dafc e-flex e-con-boxed wpr-particle-no wpr-jarallax-no wpr-parallax-no wpr-sticky-section-no e-con e-parent\" data-id=\"4e23dafc\" data-element_type=\"container\" data-e-type=\"container\">\n\t\t\t\t\t<div class=\"e-con-inner\">\n\t\t\t\t<div class=\"elementor-element elementor-element-4e920de1 elementor-widget elementor-widget-text-editor\" data-id=\"4e920de1\" data-element_type=\"widget\" data-e-type=\"widget\" data-widget_type=\"text-editor.default\">\n\t\t\t\t\t\t\t\t\t\n<p class=\"wp-block-heading\">Web Sayfam\u0131zda verilen t\u00fcm servisler Sezgin ARI firmam\u0131za aittir ve firmam\u0131z taraf\u0131ndan i\u015fletilir.<\/p>\n\n<p>Firmam\u0131z, \u00fcyelik anla\u015fmas\u0131 gere\u011fince ki\u015fisel verileri depolayabilir. A\u015fa\u011f\u0131da, toplanan ki\u015fisel verilerin nas\u0131l ve ne \u015fekilde topland\u0131\u011f\u0131, bu verilerin nas\u0131l ve ne \u015fekilde korundu\u011fu belirtilmi\u015ftir.<\/p>\n\n<p>\u00dcyelik veya Web Sayfam\u0131z \u00fczerindeki \u00e7e\u015fitli form ve bilgi alanlar\u0131n\u0131n doldurulmas\u0131 suretiyle; \u00fcyelerin ve \u00fcyelerin m\u00fc\u015fteri veya \u00fcyelerinin (veli veya hizmet sa\u011flad\u0131\u011f\u0131 ki\u015fi ve kurumlar) kendileriyle ilgili bir tak\u0131m ki\u015fisel bilgileri (isim-soy isim, firma bilgileri, telefon, adres veya e-posta adresleri gibi) web sayfam\u0131z taraf\u0131ndan i\u015fin do\u011fas\u0131 gere\u011fi toplanmaktad\u0131r.<\/p>\n\n<p>Firmam\u0131z baz\u0131 d\u00f6nemlerde m\u00fc\u015fterilerine ve \u00fcyelerine kampanya bilgileri, yeni \u00fcr\u00fcnler hakk\u0131nda bilgiler, promosyon teklifleri g\u00f6nderebilir. \u00dcyelerimiz bu gibi bilgileri al\u0131p almama konusunda her t\u00fcrl\u00fc se\u00e7imi \u00fcye olurken yapabilir, sonras\u0131nda \u00fcye giri\u015fi yapt\u0131ktan sonra hesap bilgileri b\u00f6l\u00fcm\u00fcnden bu se\u00e7imi de\u011fi\u015ftirilebilir ya da kendisine gelen bilgilendirme iletisindeki linkle bildirim yapabilir.<\/p>\n\n<p>Web sayfam\u0131z \u00fczerinden veya e-posta ile ger\u00e7ekle\u015ftirilen onay s\u00fcrecinde, \u00fcyelerimiz taraf\u0131ndan ma\u011fazam\u0131za elektronik ortamdan iletilen ki\u015fisel bilgiler, \u00dcyelerimiz ile yapt\u0131\u011f\u0131m\u0131z \u201c\u00dcyelik S\u00f6zle\u015fmesi\u201d ile belirlenen ama\u00e7lar ve kapsam d\u0131\u015f\u0131nda \u00fc\u00e7\u00fcnc\u00fc ki\u015filere a\u00e7\u0131klanmayacakt\u0131r.<\/p>\n\n<p>Firmam\u0131z, \u00dcyelik S\u00f6zle\u015fmesi ile belirlenen ama\u00e7lar ve kapsam d\u0131\u015f\u0131nda da, talep edilen bilgileri kendisi veya i\u015fbirli\u011fi i\u00e7inde oldu\u011fu ki\u015filer taraf\u0131ndan do\u011frudan pazarlama yapmak amac\u0131yla kullanabilir. Ki\u015fisel bilgiler, gerekti\u011finde kullan\u0131c\u0131yla temas kurmak i\u00e7in de kullan\u0131labilir. Firmam\u0131z taraf\u0131ndan talep edilen bilgiler veya kullan\u0131c\u0131 taraf\u0131ndan sa\u011flanan bilgiler veya web sayfam\u0131z \u00fczerinden yap\u0131lan i\u015flemlerle ilgili bilgiler; Firmam\u0131z ve i\u015fbirli\u011fi i\u00e7inde oldu\u011fu ki\u015filer taraf\u0131ndan, \u201c\u00dcyelik S\u00f6zle\u015fmesi\u201d ile belirlenen ama\u00e7lar ve kapsam d\u0131\u015f\u0131nda da, \u00fcyelerimizin kimli\u011fi if\u015fa edilmeden \u00e7e\u015fitli istatistiksel de\u011ferlendirmeler, veri taban\u0131 olu\u015fturma ve pazar ara\u015ft\u0131rmalar\u0131nda kullan\u0131labilir.<\/p>\n\n<p>Firmam\u0131z, gizli bilgileri kesinlikle \u00f6zel ve gizli tutmay\u0131, bunu bir s\u0131r saklama y\u00fck\u00fcm\u00fc olarak addetmeyi ve gizlili\u011fin sa\u011flanmas\u0131 ve s\u00fcrd\u00fcr\u00fclmesi, gizli bilginin tamam\u0131n\u0131n veya herhangi bir k\u0131sm\u0131n\u0131n kamu alan\u0131na girmesini veya yetkisiz kullan\u0131m\u0131n\u0131 veya \u00fc\u00e7\u00fcnc\u00fc bir ki\u015fiye if\u015fas\u0131n\u0131 \u00f6nlemek i\u00e7in gerekli t\u00fcm tedbirleri almay\u0131 ve gerekli \u00f6zeni g\u00f6stermeyi taahh\u00fct etmektedir.<\/p>\n\n<h4 class=\"wp-block-heading\">\u00dc\u00e7\u00fcnc\u00fc Taraf Web Siteleri ve Uygulamalar<\/h4>\n\n<p>Ma\u011fazam\u0131z, web sitesi d\u00e2hilinde ba\u015fka sitelere link verebilir. Firmam\u0131z, bu linkler vas\u0131tas\u0131yla eri\u015filen sitelerin gizlilik uygulamalar\u0131 ve i\u00e7eriklerine y\u00f6nelik herhangi bir sorumluluk ta\u015f\u0131mamaktad\u0131r. Firmam\u0131za ait sitede yay\u0131nlanan reklamlar, reklamc\u0131l\u0131k yapan i\u015f ortaklar\u0131m\u0131z arac\u0131l\u0131\u011f\u0131 ile kullan\u0131c\u0131lar\u0131m\u0131za da\u011f\u0131t\u0131l\u0131r. \u0130\u015f bu s\u00f6zle\u015fmedeki Gizlilik Politikas\u0131 Prensipleri, sadece Ma\u011fazam\u0131z\u0131n kullan\u0131m\u0131na ili\u015fkindir, \u00fc\u00e7\u00fcnc\u00fc taraf web sitelerini kapsamaz.<\/p>\n\n<h4 class=\"wp-block-heading\">\u0130stisnai Haller<\/h4>\n\n<p>A\u015fa\u011f\u0131da belirtilen s\u0131n\u0131rl\u0131 hallerde Firmam\u0131z, i\u015fbu \u201cGizlilik Politikas\u0131\u201d h\u00fck\u00fcmleri d\u0131\u015f\u0131nda kullan\u0131c\u0131lara ait bilgileri \u00fc\u00e7\u00fcnc\u00fc ki\u015filere a\u00e7\u0131klayabilir. Bu durumlar s\u0131n\u0131rl\u0131 say\u0131da olmak \u00fczere;<\/p>\n\n<ul class=\"wp-block-list\">\n<li>1. Kanun, Kanun H\u00fckm\u00fcnde Kararname, Y\u00f6netmelik v.b. yetkili hukuki otorite taraf\u0131ndan \u00e7\u0131kar\u0131lan ve y\u00fcr\u00fcrl\u00fckte olan hukuk kurallar\u0131n\u0131n getirdi\u011fi zorunluluklara uymak;<\/li>\n\n<li>2. Firmam\u0131z\u0131n kullan\u0131c\u0131larla akdetti\u011fi \u201c\u00dcyelik S\u00f6zle\u015fmesi\u201d\u2018nin ve di\u011fer s\u00f6zle\u015fmelerin gereklerini yerine getirmek ve bunlar\u0131 uygulamaya koymak amac\u0131yla;<\/li>\n\n<li>3. Yetkili idari ve adli otorite taraf\u0131ndan usul\u00fcne g\u00f6re y\u00fcr\u00fct\u00fclen bir ara\u015ft\u0131rma veya soru\u015fturman\u0131n y\u00fcr\u00fct\u00fcm\u00fc amac\u0131yla kullan\u0131c\u0131larla ilgili bilgi talep edilmesi;<\/li>\n\n<li>4. Kullan\u0131c\u0131lar\u0131n haklar\u0131 ve ya g\u00fcvenliklerini korumak i\u00e7in bilgi vermenin gerekli oldu\u011fu hallerdir<\/li>\n<\/ul>\n\n<h4 class=\"wp-block-heading\">E-Posta G\u00fcvenli\u011fi<\/h4>\n\n<p>Firmam\u0131za, herhangi bir sebeple g\u00f6nderece\u011finiz e-postalarda, asla kredi kart\u0131 numaran\u0131z\u0131 veya \u015fifrelerinizi yazmay\u0131n\u0131z. E-postalarda yer alan bilgiler \u00fc\u00e7\u00fcnc\u00fc \u015fah\u0131slar taraf\u0131ndan g\u00f6r\u00fclebilir. Firmam\u0131z e-postalar\u0131n\u0131zdan aktar\u0131lan bilgilerin g\u00fcvenli\u011fini hi\u00e7bir ko\u015fulda garanti edemez.<\/p>\n\n<h4 class=\"wp-block-heading\">Taray\u0131c\u0131 \u00c7erezleri<\/h4>\n\n<p>Firmam\u0131z, web sayfam\u0131z\u0131 ziyaret eden kullan\u0131c\u0131lar ve kullan\u0131c\u0131lar\u0131n web sitesini kullan\u0131m\u0131 hakk\u0131ndaki bilgileri teknik bir ileti\u015fim dosyas\u0131 (\u00c7erez-Cookie) kullanarak elde edebilir. Bahsi ge\u00e7en teknik ileti\u015fim dosyalar\u0131, ana bellekte saklanmak \u00fczere bir internet sitesinin kullan\u0131c\u0131n\u0131n taray\u0131c\u0131s\u0131na (browser) g\u00f6nderdi\u011fi k\u00fc\u00e7\u00fck metin dosyalar\u0131d\u0131r. Teknik ileti\u015fim dosyas\u0131 site hakk\u0131nda durum ve tercihleri saklayarak \u0130nternet\u2019in kullan\u0131m\u0131n\u0131 kolayla\u015ft\u0131r\u0131r.<\/p>\n\n<p>Firmam\u0131z, i\u015fbu \u201cGizlilik Politikas\u0131\u201d h\u00fck\u00fcmlerini diledi\u011fi zaman sitede yay\u0131nlamak veya kullan\u0131c\u0131lara elektronik posta g\u00f6ndermek veya sitesinde yay\u0131nlamak suretiyle de\u011fi\u015ftirebilir. Gizlilik Politikas\u0131 h\u00fck\u00fcmleri de\u011fi\u015fti\u011fi takdirde, yay\u0131nland\u0131\u011f\u0131 tarihte y\u00fcr\u00fcrl\u00fck kazan\u0131r.<\/p>\n\n<p>Gizlilik politikam\u0131z ile ilgili her t\u00fcrl\u00fc soru ve \u00f6nerileriniz i\u00e7in bilgi@inekteyiz.com adresine e-posta g\u00f6nderebilirsiniz. Firmam\u0131z\u2019a ait a\u015fa\u011f\u0131daki ileti\u015fim bilgilerinden ula\u015fabilirsiniz.<\/p>\n\n<p>Firma \u00dcnvan\u0131: SEZG\u0130N ARI<\/p>\n\n<p>Eposta: bilgi@inekteyiz.com<\/p>\n\n<p>Tel: 0850 840 84 74<\/p>\n\n<p>\u00a0<\/p>\n\t\t\t\t\t\t\t\t<\/div>\n\t\t\t\t\t<\/div>\n\t\t\t\t<\/div>\n\t\t\t\t<\/div>\n\t\t","protected":false},"excerpt":{"rendered":"<p>Web Sayfam\u0131zda verilen t\u00fcm servisler Sezgin ARI firmam\u0131za aittir ve firmam\u0131z taraf\u0131ndan i\u015fletilir. Firmam\u0131z, \u00fcyelik anla\u015fmas\u0131 gere\u011fince ki\u015fisel verileri depolayabilir. A\u015fa\u011f\u0131da, toplanan ki\u015fisel verilerin nas\u0131l ve ne \u015fekilde topland\u0131\u011f\u0131, bu verilerin nas\u0131l ve ne \u015fekilde korundu\u011fu belirtilmi\u015ftir. \u00dcyelik veya Web Sayfam\u0131z \u00fczerindeki \u00e7e\u015fitli form ve bilgi alanlar\u0131n\u0131n doldurulmas\u0131 suretiyle; \u00fcyelerin ve \u00fcyelerin m\u00fc\u015fteri veya \u00fcyelerinin (veli veya hizmet sa\u011flad\u0131\u011f\u0131 ki\u015fi ve kurumlar) kendileriyle ilgili bir tak\u0131m ki\u015fisel bilgileri (isim-soy isim, firma bilgileri, telefon, adres veya e-posta adresleri gibi) web sayfam\u0131z taraf\u0131ndan i\u015fin do\u011fas\u0131 gere\u011fi toplanmaktad\u0131r. Firmam\u0131z baz\u0131 d\u00f6nemlerde m\u00fc\u015fterilerine ve \u00fcyelerine kampanya bilgileri, yeni \u00fcr\u00fcnler hakk\u0131nda bilgiler, promosyon teklifleri g\u00f6nderebilir. \u00dcyelerimiz bu gibi bilgileri al\u0131p almama konusunda her t\u00fcrl\u00fc se\u00e7imi \u00fcye olurken yapabilir, sonras\u0131nda \u00fcye giri\u015fi yapt\u0131ktan sonra hesap bilgileri b\u00f6l\u00fcm\u00fcnden bu se\u00e7imi de\u011fi\u015ftirilebilir ya da kendisine gelen bilgilendirme iletisindeki linkle bildirim yapabilir. Web sayfam\u0131z \u00fczerinden veya e-posta ile ger\u00e7ekle\u015ftirilen onay s\u00fcrecinde, \u00fcyelerimiz taraf\u0131ndan ma\u011fazam\u0131za elektronik ortamdan iletilen ki\u015fisel bilgiler, \u00dcyelerimiz ile yapt\u0131\u011f\u0131m\u0131z \u201c\u00dcyelik S\u00f6zle\u015fmesi\u201d ile belirlenen ama\u00e7lar ve kapsam d\u0131\u015f\u0131nda \u00fc\u00e7\u00fcnc\u00fc ki\u015filere a\u00e7\u0131klanmayacakt\u0131r. Firmam\u0131z, \u00dcyelik S\u00f6zle\u015fmesi ile belirlenen ama\u00e7lar ve kapsam d\u0131\u015f\u0131nda da, talep edilen bilgileri kendisi veya i\u015fbirli\u011fi i\u00e7inde oldu\u011fu ki\u015filer taraf\u0131ndan do\u011frudan pazarlama yapmak amac\u0131yla kullanabilir. Ki\u015fisel bilgiler, gerekti\u011finde kullan\u0131c\u0131yla temas kurmak i\u00e7in de kullan\u0131labilir. Firmam\u0131z taraf\u0131ndan talep edilen bilgiler veya kullan\u0131c\u0131 taraf\u0131ndan sa\u011flanan bilgiler veya web sayfam\u0131z \u00fczerinden yap\u0131lan i\u015flemlerle ilgili bilgiler; Firmam\u0131z ve i\u015fbirli\u011fi i\u00e7inde oldu\u011fu ki\u015filer taraf\u0131ndan, \u201c\u00dcyelik S\u00f6zle\u015fmesi\u201d ile belirlenen ama\u00e7lar ve kapsam d\u0131\u015f\u0131nda da, \u00fcyelerimizin kimli\u011fi if\u015fa edilmeden \u00e7e\u015fitli istatistiksel de\u011ferlendirmeler, veri taban\u0131 olu\u015fturma ve pazar ara\u015ft\u0131rmalar\u0131nda kullan\u0131labilir. Firmam\u0131z, gizli bilgileri kesinlikle \u00f6zel ve gizli tutmay\u0131, bunu bir s\u0131r saklama y\u00fck\u00fcm\u00fc olarak addetmeyi ve gizlili\u011fin sa\u011flanmas\u0131 ve s\u00fcrd\u00fcr\u00fclmesi, gizli bilginin tamam\u0131n\u0131n veya herhangi bir k\u0131sm\u0131n\u0131n kamu alan\u0131na girmesini veya yetkisiz kullan\u0131m\u0131n\u0131 veya \u00fc\u00e7\u00fcnc\u00fc bir ki\u015fiye if\u015fas\u0131n\u0131 \u00f6nlemek i\u00e7in gerekli t\u00fcm tedbirleri almay\u0131 ve gerekli \u00f6zeni g\u00f6stermeyi taahh\u00fct etmektedir. \u00dc\u00e7\u00fcnc\u00fc Taraf Web Siteleri ve Uygulamalar Ma\u011fazam\u0131z, web sitesi d\u00e2hilinde ba\u015fka sitelere link verebilir. Firmam\u0131z, bu linkler vas\u0131tas\u0131yla eri\u015filen sitelerin gizlilik uygulamalar\u0131 ve i\u00e7eriklerine y\u00f6nelik herhangi bir sorumluluk ta\u015f\u0131mamaktad\u0131r. Firmam\u0131za ait sitede yay\u0131nlanan reklamlar, reklamc\u0131l\u0131k yapan i\u015f ortaklar\u0131m\u0131z arac\u0131l\u0131\u011f\u0131 ile kullan\u0131c\u0131lar\u0131m\u0131za da\u011f\u0131t\u0131l\u0131r. \u0130\u015f bu s\u00f6zle\u015fmedeki Gizlilik Politikas\u0131 Prensipleri, sadece Ma\u011fazam\u0131z\u0131n kullan\u0131m\u0131na ili\u015fkindir, \u00fc\u00e7\u00fcnc\u00fc taraf web sitelerini kapsamaz. \u0130stisnai Haller A\u015fa\u011f\u0131da belirtilen s\u0131n\u0131rl\u0131 hallerde Firmam\u0131z, i\u015fbu \u201cGizlilik Politikas\u0131\u201d h\u00fck\u00fcmleri d\u0131\u015f\u0131nda kullan\u0131c\u0131lara ait bilgileri \u00fc\u00e7\u00fcnc\u00fc ki\u015filere a\u00e7\u0131klayabilir. Bu durumlar s\u0131n\u0131rl\u0131 say\u0131da olmak \u00fczere; E-Posta G\u00fcvenli\u011fi Firmam\u0131za, herhangi bir sebeple g\u00f6nderece\u011finiz e-postalarda, asla kredi kart\u0131 numaran\u0131z\u0131 veya \u015fifrelerinizi yazmay\u0131n\u0131z. E-postalarda yer alan bilgiler \u00fc\u00e7\u00fcnc\u00fc \u015fah\u0131slar taraf\u0131ndan g\u00f6r\u00fclebilir. Firmam\u0131z e-postalar\u0131n\u0131zdan aktar\u0131lan bilgilerin g\u00fcvenli\u011fini hi\u00e7bir ko\u015fulda garanti edemez. Taray\u0131c\u0131 \u00c7erezleri Firmam\u0131z, web sayfam\u0131z\u0131 ziyaret eden kullan\u0131c\u0131lar ve kullan\u0131c\u0131lar\u0131n web sitesini kullan\u0131m\u0131 hakk\u0131ndaki bilgileri teknik bir ileti\u015fim dosyas\u0131 (\u00c7erez-Cookie) kullanarak elde edebilir. Bahsi ge\u00e7en teknik ileti\u015fim dosyalar\u0131, ana bellekte saklanmak \u00fczere bir internet sitesinin kullan\u0131c\u0131n\u0131n taray\u0131c\u0131s\u0131na (browser) g\u00f6nderdi\u011fi k\u00fc\u00e7\u00fck metin dosyalar\u0131d\u0131r. Teknik ileti\u015fim dosyas\u0131 site hakk\u0131nda durum ve tercihleri saklayarak \u0130nternet\u2019in kullan\u0131m\u0131n\u0131 kolayla\u015ft\u0131r\u0131r. Firmam\u0131z, i\u015fbu \u201cGizlilik Politikas\u0131\u201d h\u00fck\u00fcmlerini diledi\u011fi zaman sitede yay\u0131nlamak veya kullan\u0131c\u0131lara elektronik posta g\u00f6ndermek veya sitesinde yay\u0131nlamak suretiyle de\u011fi\u015ftirebilir. Gizlilik Politikas\u0131 h\u00fck\u00fcmleri de\u011fi\u015fti\u011fi takdirde, yay\u0131nland\u0131\u011f\u0131 tarihte y\u00fcr\u00fcrl\u00fck kazan\u0131r. Gizlilik politikam\u0131z ile ilgili her t\u00fcrl\u00fc soru ve \u00f6nerileriniz i\u00e7in bilgi@inekteyiz.com adresine e-posta g\u00f6nderebilirsiniz. Firmam\u0131z\u2019a ait a\u015fa\u011f\u0131daki ileti\u015fim bilgilerinden ula\u015fabilirsiniz. Firma \u00dcnvan\u0131: SEZG\u0130N ARI Eposta: bilgi@inekteyiz.com Tel: 0850 840 84 74 \u00a0<\/p>\n","protected":false},"author":1,"featured_media":0,"parent":0,"menu_order":0,"comment_status":"closed","ping_status":"open","template":"","meta":{"footnotes":""},"class_list":["post-3","page","type-page","status-publish","hentry"],"_links":{"self":[{"href":"https:\/\/inekteyiz.com\/index.php\/wp-json\/wp\/v2\/pages\/3","targetHints":{"allow":["GET"]}}],"collection":[{"href":"https:\/\/inekteyiz.com\/index.php\/wp-json\/wp\/v2\/pages"}],"about":[{"href":"https:\/\/inekteyiz.com\/index.php\/wp-json\/wp\/v2\/types\/page"}],"author":[{"embeddable":true,"href":"https:\/\/inekteyiz.com\/index.php\/wp-json\/wp\/v2\/users\/1"}],"replies":[{"embeddable":true,"href":"https:\/\/inekteyiz.com\/index.php\/wp-json\/wp\/v2\/comments?post=3"}],"version-history":[{"count":4,"href":"https:\/\/inekteyiz.com\/index.php\/wp-json\/wp\/v2\/pages\/3\/revisions"}],"predecessor-version":[{"id":443,"href":"https:\/\/inekteyiz.com\/index.php\/wp-json\/wp\/v2\/pages\/3\/revisions\/443"}],"wp:attachment":[{"href":"https:\/\/inekteyiz.com\/index.php\/wp-json\/wp\/v2\/media?parent=3"}],"curies":[{"name":"wp","href":"https:\/\/api.w.org\/{rel}","templated":true}]}}