{"id":450,"date":"2026-02-16T17:30:51","date_gmt":"2026-02-16T14:30:51","guid":{"rendered":"https:\/\/inekteyiz.com\/?page_id=450"},"modified":"2026-02-16T17:31:25","modified_gmt":"2026-02-16T14:31:25","slug":"cerez-politikasi","status":"publish","type":"page","link":"https:\/\/inekteyiz.com\/index.php\/cerez-politikasi\/","title":{"rendered":"\u00c7erez Politikas\u0131"},"content":{"rendered":"\t\t<div data-elementor-type=\"wp-page\" data-elementor-id=\"450\" class=\"elementor elementor-450\" data-elementor-post-type=\"page\">\n\t\t\t\t<div class=\"elementor-element elementor-element-4e23dafc e-flex e-con-boxed wpr-particle-no wpr-jarallax-no wpr-parallax-no wpr-sticky-section-no e-con e-parent\" data-id=\"4e23dafc\" data-element_type=\"container\" data-e-type=\"container\">\n\t\t\t\t\t<div class=\"e-con-inner\">\n\t\t\t\t<div class=\"elementor-element elementor-element-4e920de1 elementor-widget elementor-widget-text-editor\" data-id=\"4e920de1\" data-element_type=\"widget\" data-e-type=\"widget\" data-widget_type=\"text-editor.default\">\n\t\t\t\t\t\t\t\t\t\n<p>Bu \u00c7erez Politikas\u0131, \u00e7erezlerin ne oldu\u011funu ve bunlar\u0131 nas\u0131l kulland\u0131\u011f\u0131m\u0131z\u0131 a\u00e7\u0131klar. \u00c7erezlerin ne oldu\u011funu, bunlar\u0131 nas\u0131l kulland\u0131\u011f\u0131m\u0131z\u0131, kulland\u0131\u011f\u0131m\u0131z \u00e7erez t\u00fcrlerini, yani \u00e7erezleri kullanarak toplad\u0131\u011f\u0131m\u0131z bilgileri ve bu bilgilerin nas\u0131l kullan\u0131ld\u0131\u011f\u0131n\u0131 ve \u00e7erez tercihlerinin nas\u0131l kontrol edilece\u011fini anlamak i\u00e7in bu politikay\u0131 okumal\u0131s\u0131n\u0131z. Ki\u015fisel verilerinizi nas\u0131l kulland\u0131\u011f\u0131m\u0131z, saklad\u0131\u011f\u0131m\u0131z ve saklad\u0131\u011f\u0131m\u0131z hakk\u0131nda daha fazla bilgi i\u00e7in, Gizlilik Politikam\u0131za bak\u0131n. \u0130stedi\u011finiz zaman web sitemizdeki \u00c7erez Bildirimi\u2019ndeki onay\u0131n\u0131z\u0131 de\u011fi\u015ftirebilir veya geri \u00e7ekebilirsiniz. Kim oldu\u011fumuz, bizimle nas\u0131l ileti\u015fim kurabilece\u011finiz ve Gizlilik Politikam\u0131zdaki ki\u015fisel verileri nas\u0131l i\u015fledi\u011fimiz hakk\u0131nda daha fazla bilgi edinin. \u0130zniniz a\u015fa\u011f\u0131daki alanlara uygulan\u0131r: www.inekteyiz.com<\/p>\n<p>\u00c7erez Nedir?<\/p>\n<p>\u00c7erezler, k\u00fc\u00e7\u00fck bilgileri saklamak i\u00e7in kullan\u0131lan k\u00fc\u00e7\u00fck metin dosyalar\u0131d\u0131r. Web sitesi taray\u0131c\u0131n\u0131za y\u00fcklendi\u011finde, \u00e7erezler cihaz\u0131n\u0131zda saklan\u0131r. Bu \u00e7erezler, web sitesinin d\u00fczg\u00fcn \u00e7al\u0131\u015fmas\u0131n\u0131 sa\u011flamam\u0131za, web sitesini daha g\u00fcvenli hale getirmemize, daha iyi bir kullan\u0131c\u0131 deneyimi sunmam\u0131za ve web sitesinin nas\u0131l performans g\u00f6sterdi\u011fini ve neyin i\u015fe yarad\u0131\u011f\u0131n\u0131 ve iyile\u015ftirilmesi gereken yerleri analiz etmemizi sa\u011flar.<\/p>\n<p>\u00c7erezleri Nas\u0131l Kullan\u0131yoruz?<\/p>\n<p>\u00c7evrimi\u00e7i hizmetlerin \u00e7o\u011fu gibi, web sitemiz bir dizi ama\u00e7 i\u00e7in birinci ve \u00fc\u00e7\u00fcnc\u00fc taraf \u00e7erezleri kullan\u0131r. Birinci taraf \u00e7erezleri \u00e7o\u011funlukla web sitesinin do\u011fru \u015fekilde \u00e7al\u0131\u015fmas\u0131 i\u00e7in gereklidir ve ki\u015fisel olarak tan\u0131mlanabilir verilerinizin hi\u00e7birini toplamazlar. Web sitelerimizde kullan\u0131lan \u00fc\u00e7\u00fcnc\u00fc taraf \u00e7erezleri, temel olarak web sitesinin nas\u0131l performans g\u00f6sterdi\u011fini, web sitemizle nas\u0131l etkile\u015fimde bulundu\u011funuzu, hizmetlerimizi g\u00fcvende tutmak, sizinle alakal\u0131 reklamlar sunmak ve hepsinde size daha iyi ve geli\u015fmi\u015f bir sunum sa\u011flamak i\u00e7in kullan\u0131l\u0131r. Kullan\u0131c\u0131 deneyimi ve web sitemizle gelecekteki etkile\u015fimlerinizi h\u0131zland\u0131rmaya yard\u0131mc\u0131 olur.<\/p>\n<p>Ne \u00c7e\u015fit \u00c7erezler Kullan\u0131yoruz?<\/p>\n<p>Temel: Sitemizin t\u00fcm i\u015flevselli\u011fini tecr\u00fcbe edebilmeniz i\u00e7in baz\u0131 \u00e7erezler zorunludur. Kullan\u0131c\u0131 oturumlar\u0131n\u0131 s\u00fcrd\u00fcrmemize ve g\u00fcvenlik tehditlerini \u00f6nlememize izin veriyorlar. Ki\u015fisel bilgiler toplamaz veya saklamazlar. \u00d6rne\u011fin, bu \u00e7erezler g\u00fcvenli bir \u015fekilde giri\u015f yapman\u0131z\u0131 sa\u011flar.<\/p>\n<p>\u0130statistikler: Bu \u00e7erezler, web sitesine gelen ziyaret\u00e7i say\u0131s\u0131, benzersiz ziyaret\u00e7i say\u0131s\u0131, web sitesinin hangi sayfalar\u0131n\u0131n ziyaret edildi\u011fi, ziyaretin kayna\u011f\u0131 vb. bilgileri depolar. Bu veriler, web sitesinin ne kadar iyi performans g\u00f6sterdi\u011fini ve analiz etmemize yard\u0131mc\u0131 olur.<\/p>\n<p>Pazarlama: Web sitemiz reklam verdi\u011fi zaman kullan\u0131l\u0131r. Bu \u00e7erezler, size g\u00f6sterdi\u011fimiz reklamlar\u0131 sizin i\u00e7in anlaml\u0131 olacak \u015fekilde ki\u015fiselle\u015ftirmek i\u00e7in kullan\u0131l\u0131r. Bu \u00e7erezler ayr\u0131ca bu reklam kampanyalar\u0131n\u0131n verimlili\u011fini takip etmemize yard\u0131mc\u0131 olur.<\/p>\n<p>Bu \u00e7erezlerde depolanan bilgiler, \u00fc\u00e7\u00fcnc\u00fc taraf reklam sa\u011flay\u0131c\u0131lar\u0131 taraf\u0131ndan size taray\u0131c\u0131daki di\u011fer web sitelerinde reklam g\u00f6stermek i\u00e7in de kullan\u0131labilir.<\/p>\n<p>\u0130\u015flevsel: Bunlar, web sitemizdeki baz\u0131 \u00f6nemli olmayan i\u015flevlere yard\u0131mc\u0131 olan \u00e7erezlerdir. Bu i\u015flevler aras\u0131nda videolar gibi i\u00e7erik yerle\u015ftirme veya web sitesindeki i\u00e7erikleri sosyal medya platformlar\u0131nda payla\u015fma yer al\u0131r.<\/p>\n<p>Tercihler: Bu \u00e7erezler ayarlar\u0131n\u0131z\u0131 kaydetmemize ve dil tercihleri \u200b\u200bgibi tarama tercihlerinizi belirlememize yard\u0131mc\u0131 olur, b\u00f6ylece web sitesine gelecekteki ziyaretlerinizde daha iyi ve verimli bir deneyime sahip olursunuz.<\/p>\n\t\t\t\t\t\t\t\t<\/div>\n\t\t\t\t\t<\/div>\n\t\t\t\t<\/div>\n\t\t\t\t<\/div>\n\t\t","protected":false},"excerpt":{"rendered":"<p>Bu \u00c7erez Politikas\u0131, \u00e7erezlerin ne oldu\u011funu ve bunlar\u0131 nas\u0131l kulland\u0131\u011f\u0131m\u0131z\u0131 a\u00e7\u0131klar. \u00c7erezlerin ne oldu\u011funu, bunlar\u0131 nas\u0131l kulland\u0131\u011f\u0131m\u0131z\u0131, kulland\u0131\u011f\u0131m\u0131z \u00e7erez t\u00fcrlerini, yani \u00e7erezleri kullanarak toplad\u0131\u011f\u0131m\u0131z bilgileri ve bu bilgilerin nas\u0131l kullan\u0131ld\u0131\u011f\u0131n\u0131 ve \u00e7erez tercihlerinin nas\u0131l kontrol edilece\u011fini anlamak i\u00e7in bu politikay\u0131 okumal\u0131s\u0131n\u0131z. Ki\u015fisel verilerinizi nas\u0131l kulland\u0131\u011f\u0131m\u0131z, saklad\u0131\u011f\u0131m\u0131z ve saklad\u0131\u011f\u0131m\u0131z hakk\u0131nda daha fazla bilgi i\u00e7in, Gizlilik Politikam\u0131za bak\u0131n. \u0130stedi\u011finiz zaman web sitemizdeki \u00c7erez Bildirimi\u2019ndeki onay\u0131n\u0131z\u0131 de\u011fi\u015ftirebilir veya geri \u00e7ekebilirsiniz. Kim oldu\u011fumuz, bizimle nas\u0131l ileti\u015fim kurabilece\u011finiz ve Gizlilik Politikam\u0131zdaki ki\u015fisel verileri nas\u0131l i\u015fledi\u011fimiz hakk\u0131nda daha fazla bilgi edinin. \u0130zniniz a\u015fa\u011f\u0131daki alanlara uygulan\u0131r: www.inekteyiz.com \u00c7erez Nedir? \u00c7erezler, k\u00fc\u00e7\u00fck bilgileri saklamak i\u00e7in kullan\u0131lan k\u00fc\u00e7\u00fck metin dosyalar\u0131d\u0131r. Web sitesi taray\u0131c\u0131n\u0131za y\u00fcklendi\u011finde, \u00e7erezler cihaz\u0131n\u0131zda saklan\u0131r. Bu \u00e7erezler, web sitesinin d\u00fczg\u00fcn \u00e7al\u0131\u015fmas\u0131n\u0131 sa\u011flamam\u0131za, web sitesini daha g\u00fcvenli hale getirmemize, daha iyi bir kullan\u0131c\u0131 deneyimi sunmam\u0131za ve web sitesinin nas\u0131l performans g\u00f6sterdi\u011fini ve neyin i\u015fe yarad\u0131\u011f\u0131n\u0131 ve iyile\u015ftirilmesi gereken yerleri analiz etmemizi sa\u011flar. \u00c7erezleri Nas\u0131l Kullan\u0131yoruz? \u00c7evrimi\u00e7i hizmetlerin \u00e7o\u011fu gibi, web sitemiz bir dizi ama\u00e7 i\u00e7in birinci ve \u00fc\u00e7\u00fcnc\u00fc taraf \u00e7erezleri kullan\u0131r. Birinci taraf \u00e7erezleri \u00e7o\u011funlukla web sitesinin do\u011fru \u015fekilde \u00e7al\u0131\u015fmas\u0131 i\u00e7in gereklidir ve ki\u015fisel olarak tan\u0131mlanabilir verilerinizin hi\u00e7birini toplamazlar. Web sitelerimizde kullan\u0131lan \u00fc\u00e7\u00fcnc\u00fc taraf \u00e7erezleri, temel olarak web sitesinin nas\u0131l performans g\u00f6sterdi\u011fini, web sitemizle nas\u0131l etkile\u015fimde bulundu\u011funuzu, hizmetlerimizi g\u00fcvende tutmak, sizinle alakal\u0131 reklamlar sunmak ve hepsinde size daha iyi ve geli\u015fmi\u015f bir sunum sa\u011flamak i\u00e7in kullan\u0131l\u0131r. Kullan\u0131c\u0131 deneyimi ve web sitemizle gelecekteki etkile\u015fimlerinizi h\u0131zland\u0131rmaya yard\u0131mc\u0131 olur. Ne \u00c7e\u015fit \u00c7erezler Kullan\u0131yoruz? Temel: Sitemizin t\u00fcm i\u015flevselli\u011fini tecr\u00fcbe edebilmeniz i\u00e7in baz\u0131 \u00e7erezler zorunludur. Kullan\u0131c\u0131 oturumlar\u0131n\u0131 s\u00fcrd\u00fcrmemize ve g\u00fcvenlik tehditlerini \u00f6nlememize izin veriyorlar. Ki\u015fisel bilgiler toplamaz veya saklamazlar. \u00d6rne\u011fin, bu \u00e7erezler g\u00fcvenli bir \u015fekilde giri\u015f yapman\u0131z\u0131 sa\u011flar. \u0130statistikler: Bu \u00e7erezler, web sitesine gelen ziyaret\u00e7i say\u0131s\u0131, benzersiz ziyaret\u00e7i say\u0131s\u0131, web sitesinin hangi sayfalar\u0131n\u0131n ziyaret edildi\u011fi, ziyaretin kayna\u011f\u0131 vb. bilgileri depolar. Bu veriler, web sitesinin ne kadar iyi performans g\u00f6sterdi\u011fini ve analiz etmemize yard\u0131mc\u0131 olur. Pazarlama: Web sitemiz reklam verdi\u011fi zaman kullan\u0131l\u0131r. Bu \u00e7erezler, size g\u00f6sterdi\u011fimiz reklamlar\u0131 sizin i\u00e7in anlaml\u0131 olacak \u015fekilde ki\u015fiselle\u015ftirmek i\u00e7in kullan\u0131l\u0131r. Bu \u00e7erezler ayr\u0131ca bu reklam kampanyalar\u0131n\u0131n verimlili\u011fini takip etmemize yard\u0131mc\u0131 olur. Bu \u00e7erezlerde depolanan bilgiler, \u00fc\u00e7\u00fcnc\u00fc taraf reklam sa\u011flay\u0131c\u0131lar\u0131 taraf\u0131ndan size taray\u0131c\u0131daki di\u011fer web sitelerinde reklam g\u00f6stermek i\u00e7in de kullan\u0131labilir. \u0130\u015flevsel: Bunlar, web sitemizdeki baz\u0131 \u00f6nemli olmayan i\u015flevlere yard\u0131mc\u0131 olan \u00e7erezlerdir. Bu i\u015flevler aras\u0131nda videolar gibi i\u00e7erik yerle\u015ftirme veya web sitesindeki i\u00e7erikleri sosyal medya platformlar\u0131nda payla\u015fma yer al\u0131r. Tercihler: Bu \u00e7erezler ayarlar\u0131n\u0131z\u0131 kaydetmemize ve dil tercihleri \u200b\u200bgibi tarama tercihlerinizi belirlememize yard\u0131mc\u0131 olur, b\u00f6ylece web sitesine gelecekteki ziyaretlerinizde daha iyi ve verimli bir deneyime sahip olursunuz.<\/p>\n","protected":false},"author":1,"featured_media":0,"parent":0,"menu_order":0,"comment_status":"closed","ping_status":"closed","template":"","meta":{"footnotes":""},"class_list":["post-450","page","type-page","status-publish","hentry"],"_links":{"self":[{"href":"https:\/\/inekteyiz.com\/index.php\/wp-json\/wp\/v2\/pages\/450","targetHints":{"allow":["GET"]}}],"collection":[{"href":"https:\/\/inekteyiz.com\/index.php\/wp-json\/wp\/v2\/pages"}],"about":[{"href":"https:\/\/inekteyiz.com\/index.php\/wp-json\/wp\/v2\/types\/page"}],"author":[{"embeddable":true,"href":"https:\/\/inekteyiz.com\/index.php\/wp-json\/wp\/v2\/users\/1"}],"replies":[{"embeddable":true,"href":"https:\/\/inekteyiz.com\/index.php\/wp-json\/wp\/v2\/comments?post=450"}],"version-history":[{"count":4,"href":"https:\/\/inekteyiz.com\/index.php\/wp-json\/wp\/v2\/pages\/450\/revisions"}],"predecessor-version":[{"id":454,"href":"https:\/\/inekteyiz.com\/index.php\/wp-json\/wp\/v2\/pages\/450\/revisions\/454"}],"wp:attachment":[{"href":"https:\/\/inekteyiz.com\/index.php\/wp-json\/wp\/v2\/media?parent=450"}],"curies":[{"name":"wp","href":"https:\/\/api.w.org\/{rel}","templated":true}]}}